{"id":1239,"date":"2025-01-08T11:30:09","date_gmt":"2025-01-08T11:30:09","guid":{"rendered":"https:\/\/wkiautomotive.com\/homologacion-de-proveedores\/"},"modified":"2025-11-28T08:34:37","modified_gmt":"2025-11-28T08:34:37","slug":"lieferantenzulassung","status":"publish","type":"page","link":"https:\/\/wkiautomotive.com\/de\/lieferantenzulassung\/","title":{"rendered":"Lieferantenzulassung"},"content":{"rendered":"\t\t<div data-elementor-type=\"wp-page\" data-elementor-id=\"1239\" class=\"elementor elementor-1239 elementor-1231\" data-elementor-post-type=\"page\">\n\t\t\t\t<div class=\"elementor-element elementor-element-1939043 e-con-full e-flex e-con e-parent\" data-id=\"1939043\" data-element_type=\"container\">\n\t\t<div class=\"elementor-element elementor-element-9bacee3 e-con-full e-flex e-con e-child\" data-id=\"9bacee3\" data-element_type=\"container\" data-settings=\"{&quot;background_background&quot;:&quot;classic&quot;}\">\n\t\t\t\t<div class=\"elementor-element elementor-element-5a57dc0 elementor-widget elementor-widget-text-editor\" data-id=\"5a57dc0\" data-element_type=\"widget\" data-widget_type=\"text-editor.default\">\n\t\t\t\t<div class=\"elementor-widget-container\">\n\t\t\t\t\t\t\t\t\t<div class=\"cookies-policy-wrapper\">\n  <h1>LIEFERANTENZULASSUNG<\/h1>\n\n  Als Ergebnis unseres Qualit\u00e4tsmanagementsystems gem\u00e4\u00df ISO 9001 f\u00fchren wir eine kontinuierliche \u00dcberwachung der Leistung unserer Lieferanten durch. Die Kriterien, nach denen sie j\u00e4hrlich bewertet werden, sind:\n\n  <ul>\n    <li>Die Erf\u00fcllung der in den Bestellungen definierten technischen Einkaufsanforderungen.<\/li>\n    <li>Die Einhaltung der Lieferfristen und der After-Sales-Service.<\/li>\n    <li>Die vollst\u00e4ndige Bereitstellung der angeforderten Dokumentation (Zertifikate, Frageb\u00f6gen usw.).<\/li>\n    <li>Eventuelle Vorf\u00e4lle w\u00e4hrend des Einkaufsprozesses und deren L\u00f6sung.<\/li>\n  <\/ul>\n\n  Als Ergebnis der Bewertung werden unsere Lieferanten wie folgt eingestuft:\n\n  <ul>\n    <li>ZUGELASSEN: Es wurden keine Vorf\u00e4lle festgestellt.<\/li>\n    <li>IM PROZESS: Neue Lieferanten, die sich im Zulassungsprozess befinden.<\/li>\n    <li>BEDINGT: Urspr\u00fcnglich zugelassener Lieferant, der eine oder mehrere Nichtkonformit\u00e4ten beheben muss.<\/li>\n    <li>ABGELEHNT: Lieferant, der eine oder mehrere Nichtkonformit\u00e4ten hatte, die nicht zufriedenstellend gel\u00f6st wurden.<\/li>\n  <\/ul>\n\n  Alle Lieferanten von WKI Automotive sind zugelassen.\n<\/div>\t\t\t\t\t\t\t\t<\/div>\n\t\t\t\t<\/div>\n\t\t\t\t<\/div>\n\t\t\t\t<\/div>\n\t\t\t\t<\/div>\n\t\t","protected":false},"excerpt":{"rendered":"<p>LIEFERANTENZULASSUNG Als Ergebnis unseres Qualit\u00e4tsmanagementsystems gem\u00e4\u00df ISO 9001 f\u00fchren wir eine kontinuierliche \u00dcberwachung der Leistung unserer Lieferanten durch. Die Kriterien, nach denen sie j\u00e4hrlich bewertet werden, sind: Die Erf\u00fcllung der in den Bestellungen definierten technischen Einkaufsanforderungen. Die Einhaltung der Lieferfristen und der After-Sales-Service. Die vollst\u00e4ndige Bereitstellung der angeforderten Dokumentation (Zertifikate, Frageb\u00f6gen usw.). Eventuelle Vorf\u00e4lle w\u00e4hrend&#8230;<\/p>\n","protected":false},"author":2,"featured_media":0,"parent":0,"menu_order":0,"comment_status":"closed","ping_status":"closed","template":"","meta":{"footnotes":""},"class_list":["post-1239","page","type-page","status-publish","hentry"],"_links":{"self":[{"href":"https:\/\/wkiautomotive.com\/de\/wp-json\/wp\/v2\/pages\/1239","targetHints":{"allow":["GET"]}}],"collection":[{"href":"https:\/\/wkiautomotive.com\/de\/wp-json\/wp\/v2\/pages"}],"about":[{"href":"https:\/\/wkiautomotive.com\/de\/wp-json\/wp\/v2\/types\/page"}],"author":[{"embeddable":true,"href":"https:\/\/wkiautomotive.com\/de\/wp-json\/wp\/v2\/users\/2"}],"replies":[{"embeddable":true,"href":"https:\/\/wkiautomotive.com\/de\/wp-json\/wp\/v2\/comments?post=1239"}],"version-history":[{"count":3,"href":"https:\/\/wkiautomotive.com\/de\/wp-json\/wp\/v2\/pages\/1239\/revisions"}],"predecessor-version":[{"id":1700,"href":"https:\/\/wkiautomotive.com\/de\/wp-json\/wp\/v2\/pages\/1239\/revisions\/1700"}],"wp:attachment":[{"href":"https:\/\/wkiautomotive.com\/de\/wp-json\/wp\/v2\/media?parent=1239"}],"curies":[{"name":"wp","href":"https:\/\/api.w.org\/{rel}","templated":true}]}}