{"id":1311,"date":"2025-11-26T10:24:31","date_gmt":"2025-11-26T10:24:31","guid":{"rendered":"https:\/\/wkiautomotive.com\/allgemeine-geschaeftsbedingungen\/"},"modified":"2025-11-27T08:37:28","modified_gmt":"2025-11-27T08:37:28","slug":"allgemeine-geschaeftsbedingungen","status":"publish","type":"page","link":"https:\/\/wkiautomotive.com\/de\/allgemeine-geschaeftsbedingungen\/","title":{"rendered":"Allgemeine Gesch\u00e4ftsbedingungen"},"content":{"rendered":"\t\t<div data-elementor-type=\"wp-page\" data-elementor-id=\"1311\" class=\"elementor elementor-1311 elementor-1289\" data-elementor-post-type=\"page\">\n\t\t\t\t<div class=\"elementor-element elementor-element-9842489 e-flex e-con-boxed e-con e-parent\" data-id=\"9842489\" data-element_type=\"container\">\n\t\t\t\t\t<div class=\"e-con-inner\">\n\t\t<div class=\"elementor-element elementor-element-8bb0163 e-con-full e-flex e-con e-child\" data-id=\"8bb0163\" data-element_type=\"container\" data-settings=\"{&quot;background_background&quot;:&quot;classic&quot;}\">\n\t\t\t\t<div class=\"elementor-element elementor-element-9c658f3 elementor-widget elementor-widget-text-editor\" data-id=\"9c658f3\" data-element_type=\"widget\" data-widget_type=\"text-editor.default\">\n\t\t\t\t<div class=\"elementor-widget-container\">\n\t\t\t\t\t\t\t\t\t<div class=\"legal-terms-wrapper\">\n  <h1 class=\"legal-title\">NUTZUNGSBEDINGUNGEN F\u00dcR DIESE WEBSITE<\/h1>\n\n  <section class=\"legal-block\">\n    <h2 class=\"legal-subtitle\">Grundlegende Informationen zum Datenschutz<\/h2>\n    <table class=\"table-rgpd\">\n      <tbody>\n        <tr>\n          <th>Verantwortlicher f\u00fcr die Datenverarbeitung<\/th>\n          <td>WKI AUTOMOTIVE, S.L.<\/td>\n        <\/tr>\n        <tr>\n          <th>Zweck der Verarbeitung<\/th>\n          <td>Webseitennutzung und Verbesserung der Benutzererfahrung.<\/td>\n        <\/tr>\n        <tr>\n          <th>Rechtsgrundlage f\u00fcr die Verarbeitung Ihrer personenbezogenen Daten<\/th>\n          <td>Einwilligung der betroffenen Person, berechtigtes Interesse des Verantwortlichen.<\/td>\n        <\/tr>\n        <tr>\n          <th>Empf\u00e4nger<\/th>\n          <td>\n            Personenbezogene Daten der Nutzer k\u00f6nnen an Dritte \u00fcbermittelt werden, sofern zuvor die\n            ausdr\u00fcckliche Einwilligung des Nutzers eingeholt wurde, au\u00dfer in F\u00e4llen einer gesetzlichen\n            Verpflichtung oder zur Durchf\u00fchrung von Vertr\u00e4gen.\n          <\/td>\n        <\/tr>\n        <tr>\n          <th>Rechte<\/th>\n          <td>\n            Sie k\u00f6nnen Ihre Rechte auf Auskunft, Berichtigung, L\u00f6schung, Einschr\u00e4nkung der Verarbeitung,\n            Daten\u00fcbertragbarkeit, Widerspruch sowie das Recht, nicht einer ausschlie\u00dflich auf einer\n            automatisierten Verarbeitung beruhenden Entscheidung \u2013 einschlie\u00dflich Profiling \u2013 unterworfen\n            zu werden, aus\u00fcben.\n          <\/td>\n        <\/tr>\n        <tr>\n          <th>Weitere Informationen<\/th>\n          <td>\n            Ausf\u00fchrliche Informationen zum Datenschutz finden Sie in diesen Allgemeinen Gesch\u00e4ftsbedingungen,\n            in unserem <a href=\"https:\/\/wkiautomotive.com\/de\/rechtlichen-hinweis\/\"><u>Rechtlichen Hinweis<\/u><\/a>,\n            in der <a href=\"https:\/\/wkiautomotive.com\/de\/cookie-richtlinie-ue\/\"><u>Cookie-Richtlinie<\/u><\/a> und in der\n            <a href=\"https:\/\/wkiautomotive.com\/de\/datenschutzerklaerung\/\"><u>Datenschutzerkl\u00e4rung<\/u><\/a> dieser Website.\n          <\/td>\n        <\/tr>\n      <\/tbody>\n    <\/table>\n\n    <p>\n      Wenn Sie auf dieser Website weiter surfen, gehen wir davon aus, dass Sie diese\n      <u>Allgemeinen Gesch\u00e4ftsbedingungen<\/u> akzeptieren.\n    <\/p>\n  <\/section>\n\n  <section class=\"legal-block\">\n    <h2 class=\"legal-question\">3.1 Welche allgemeinen Nutzungsbedingungen gelten f\u00fcr diese Website?<\/h2>\n    <p>\n      Wir informieren Sie dar\u00fcber, dass sowohl der Zugriff auf die Website mit der Domain\n      <a href=\"http:\/\/www.wkiautomotive.com\">http:\/\/www.wkiautomotive.com<\/a> als auch deren Nutzung sowie alle\n      unter dieser Domain enthaltenen URLs und Subdomains und s\u00e4mtliche Inhalte, die \u00fcber diese Website abgerufen\n      werden k\u00f6nnen, den vorliegenden <u>Allgemeinen Gesch\u00e4ftsbedingungen<\/u> unterliegen. Unbeschadet dessen kann\n      der Zugang zu bestimmten Diensten oder Inhalten die Annahme weiterer allgemeiner, besonderer oder zus\u00e4tzlicher\n      Bedingungen erfordern. Wenn Sie mit dem Inhalt dieser <u>Allgemeinen Gesch\u00e4ftsbedingungen<\/u> nicht einverstanden\n      sind, bitten wir Sie, diese Website nicht zu nutzen, da die Nutzung der Website und der darin enthaltenen Inhalte\n      oder Dienste in jedem Fall die Anerkennung der hier aufgef\u00fchrten rechtlichen Bedingungen bedeutet.\n    <\/p>\n    <p>\n      WKI AUTOMOTIVE, S.L. beh\u00e4lt sich das Recht vor, jederzeit und ohne vorherige Ank\u00fcndigung den Zugang zu dieser\n      Website und\/oder zu unseren Inhalten auszusetzen, zu verweigern oder vor\u00fcbergehend bzw. dauerhaft zu beschr\u00e4nken\n      sowie die \u00c4nderungen vorzunehmen, die wir f\u00fcr angemessen oder erforderlich halten, ohne dass daraus ein Anspruch\n      auf Entsch\u00e4digung f\u00fcr den Nutzer entsteht.\n    <\/p>\n  <\/section>\n\n  <section class=\"legal-block\">\n    <h2 class=\"legal-question\">3.2 Welche Verantwortung tragen Sie als Nutzer bei der Nutzung dieser Website?<\/h2>\n    <p>\n      Sie als Nutzer sind allein f\u00fcr die ordnungsgem\u00e4\u00dfe Nutzung dieser Website verantwortlich und verpflichten sich,\n      sie im Einklang mit diesen <u>Allgemeinen Gesch\u00e4ftsbedingungen<\/u> zu verwenden. Sie verpflichten sich, diese\n      Website sowie die \u00fcber sie angebotenen oder bereitgestellten Inhalte und Dienste im Einklang mit dem Gesetz,\n      der Moral, den allgemein anerkannten Verhaltensregeln und der \u00f6ffentlichen Ordnung zu nutzen und sie nicht zu\n      rechtswidrigen oder den in diesen <u>Allgemeinen Gesch\u00e4ftsbedingungen<\/u> vorgesehenen Zwecken\n      widersprechenden Zwecken zu verwenden.\n    <\/p>\n\n    <p>Insbesondere d\u00fcrfen Sie unter keinen Umst\u00e4nden folgende Handlungen vornehmen:<\/p>\n    <ul>\n      <li>Die vorliegende Website zur Bewerbung, zum Verkauf oder zur Vermittlung eigener oder fremder Informationen\n        oder Leistungen zu nutzen, ohne vorherige Zustimmung oder Genehmigung.<\/li>\n      <li>Inhalte mit rassistischem, fremdenfeindlichem oder pornografischem Charakter zu verbreiten oder Inhalte,\n        die zur Begehung von Straftaten anregen oder Straftaten f\u00f6rdern, die unmittelbar oder mittelbar zur\n        Bef\u00fcrwortung von Terrorismus aufrufen oder die gegen die grundlegenden Rechte und Freiheiten versto\u00dfen.<\/li>\n      <li>Sch\u00e4den an den IT-Systemen von WKI AUTOMOTIVE, S.L. zu verursachen oder Computerviren, sch\u00e4dliche Software\n        oder andere Systeme einzuschleusen oder zu verbreiten, die Sch\u00e4den an IT-Systemen verursachen k\u00f6nnen, sowie\n        unbefugte \u00c4nderungen an den auf dieser Website verf\u00fcgbaren Inhalten vorzunehmen.<\/li>\n      <li>Handlungen vorzunehmen, die gegen die Rechte des geistigen und\/oder gewerblichen Eigentums ihrer\n        rechtm\u00e4\u00dfigen Inhaber versto\u00dfen.<\/li>\n      <li>Ohne vorherige Genehmigung von WKI AUTOMOTIVE, S.L. Marken, Logos, Handelsnamen oder sonstige kennzeichnende\n        Merkmale, die Eigentum von WKI AUTOMOTIVE, S.L. sind, auf Seiten oder Websites zu verwenden, die in der\n        Verantwortung des Nutzers oder nicht autorisierter Dritter liegen.<\/li>\n    <\/ul>\n\n    <p>\n      Ebenso haften Sie gegen\u00fcber WKI AUTOMOTIVE, S.L. oder gegen\u00fcber Dritten f\u00fcr alle Sch\u00e4den jeglicher Art, die\n      infolge einer unmittelbaren oder mittelbaren Verletzung dieser <u>Allgemeinen Gesch\u00e4ftsbedingungen<\/u> entstehen\n      k\u00f6nnen.\n    <\/p>\n  <\/section>\n\n  <section class=\"legal-block\">\n    <h2 class=\"legal-question\">3.3 Welche Aspekte des geistigen und gewerblichen Eigentums sind zu beachten?<\/h2>\n    <p>\n      Durch die Nutzung dieser Website werden keinerlei Rechte des geistigen oder gewerblichen Eigentums an dieser\n      Website oder an ihren Bestandteilen oder Inhalten \u00fcbertragen. Die Vervielf\u00e4ltigung, Verarbeitung, Verbreitung,\n      \u00f6ffentliche Wiedergabe, Bereitstellung, Extraktion oder Wiederverwendung \u2013 ganz oder teilweise \u2013 jeglicher Art\n      und mit jeglichen Mitteln oder Verfahren ist ausdr\u00fccklich untersagt, es sei denn, dies ist gesetzlich erlaubt\n      oder vom Inhaber der entsprechenden Rechte genehmigt.\n    <\/p>\n  <\/section>\n\n  <section class=\"legal-block\">\n    <h2 class=\"legal-question\">3.4 Was gilt f\u00fcr Links oder Hyperlinks auf dieser Website?<\/h2>\n    <p>\n      WKI AUTOMOTIVE, S.L. \u00fcbernimmt keine Verantwortung f\u00fcr fremde Websites, die nicht in unserem Eigentum stehen\n      und \u00fcber <em>Links<\/em> (Verkn\u00fcpfungen) erreichbar sind, noch f\u00fcr Inhalte, die Dritte den Nutzern zur Verf\u00fcgung\n      stellen. Die Nutzung eines Links oder der Zugriff auf eine fremde Website erfolgt ausschlie\u00dflich auf eigenes\n      Risiko des Nutzers. WKI AUTOMOTIVE, S.L. garantiert in keinem Fall die Sicherheit und Rechtm\u00e4\u00dfigkeit der \u00fcber\n      einen Link au\u00dferhalb von WKI AUTOMOTIVE, S.L. erhaltenen Informationen und \u00fcbernimmt keinerlei Haftung f\u00fcr\n      Verluste, Anspr\u00fcche oder Sch\u00e4den, die aus der Nutzung oder missbr\u00e4uchlichen Nutzung eines Links oder der dar\u00fcber\n      erhaltenen Informationen oder aus Unterbrechungen des Dienstes beim Zugriff auf Informationen anderer Websites\n      entstehen.\n    <\/p>\n  <\/section>\n\n  <section class=\"legal-block\">\n    <h2 class=\"legal-question\">3.5 Welche Haftung \u00fcbernimmt der Inhaber dieser Website?<\/h2>\n    <p>\n      WKI AUTOMOTIVE, S.L. erkl\u00e4rt, dass wir alle notwendigen Ma\u00dfnahmen im Rahmen unserer M\u00f6glichkeiten und im Einklang\n      mit dem Stand der Technik ergriffen haben, um das ordnungsgem\u00e4\u00dfe Funktionieren dieser Website zu gew\u00e4hrleisten\n      und die \u00dcbertragung von Computerviren und anderen sch\u00e4dlichen Komponenten an die Nutzer zu verhindern. Dennoch\n      \u00fcbernehmen wir keinerlei Haftung f\u00fcr Fehlfunktionen der \u00fcber das Internet angebotenen Dienste oder f\u00fcr St\u00f6rungen\n      oder Ausf\u00e4lle des Netzes, die den Zugang zu dieser Website oder das Browsen auf ihr beeintr\u00e4chtigen k\u00f6nnen,\n      unabh\u00e4ngig von der Ursache dieser St\u00f6rungen.\n    <\/p>\n\n    <p>\n      Sollten Sie zu irgendeinem Zeitpunkt Kenntnis von rechtswidrigen oder illegalen Inhalten, von Inhalten, die gegen\n      Gesetz, Moral oder die guten Sitten versto\u00dfen, oder von Inhalten erhalten, die eine Verletzung von Rechten des\n      geistigen und\/oder gewerblichen Eigentums darstellen k\u00f6nnten, m\u00fcssen Sie uns unverz\u00fcglich per E-Mail an\n      <a href=\"mailto:wki.auto@wkiauto.com\">wki.auto@wkiauto.com<\/a> informieren, damit wir die entsprechenden\n      Sicherheits- und Abhilfema\u00dfnahmen ergreifen k\u00f6nnen.\n    <\/p>\n\n    <p>\n      Ebenso haftet WKI AUTOMOTIVE, S.L. nicht f\u00fcr vors\u00e4tzliche oder fahrl\u00e4ssige Handlungen des Nutzers, f\u00fcr Ereignisse\n      infolge h\u00f6herer Gewalt, f\u00fcr sonstige Ereignisse, die sich unserem Einfluss entziehen, oder f\u00fcr Angriffe sogenannter\n      <em>Hacker<\/em>, sofern WKI AUTOMOTIVE, S.L. die jeweils m\u00f6glichen Sicherheitsma\u00dfnahmen entsprechend unseren\n      technischen M\u00f6glichkeiten umgesetzt hat.\n    <\/p>\n  <\/section>\n\n  <section class=\"legal-block\">\n    <h2 class=\"legal-question\">3.6 Welche Rechtsordnung findet auf Streitigkeiten im Zusammenhang mit der Nutzung dieser Website Anwendung?<\/h2>\n    <p>\n      Im Falle eines Streits oder Auslegungsstreits bez\u00fcglich dieser\n      <strong><u>Allgemeinen Gesch\u00e4ftsbedingungen<\/u><\/strong> f\u00fcr die Nutzung dieser Website sowie in Bezug auf alle\n      Fragen, die mit den \u00fcber sie angebotenen Diensten zusammenh\u00e4ngen, gilt das spanische Recht. Zur Beilegung von\n      Streitigkeiten, die sich aus der Nutzung dieser Website ergeben k\u00f6nnen, vereinbaren die Parteien, die\n      Streitbeilegung den Gerichten am Sitz von WKI AUTOMOTIVE, S.L. zu unterwerfen (wie im\n      <strong><u><a href=\"https:\/\/wkiautomotive.com\/de\/rechtlichen-hinweis\/\">Rechtlichen Hinweis<\/a><\/u><\/strong>\n      angegeben), es sei denn, der Nutzer ist gem\u00e4\u00df den geltenden Vorschriften als Verbraucher anzusehen; in diesem\n      Fall gelten die entsprechenden verbraucherschutzrechtlichen Bestimmungen.\n    <\/p>\n  <\/section>\n\n  <section class=\"legal-block\">\n    <h2 class=\"legal-question\">3.7 Was passiert, wenn eine Klausel f\u00fcr nichtig oder unwirksam erkl\u00e4rt wird?<\/h2>\n    <p>\n      Sollte eine der Klauseln dieser <strong><u>Allgemeinen Gesch\u00e4ftsbedingungen<\/u><\/strong> oder einer unserer\n      Richtlinien oder Rechtstexte ganz oder teilweise f\u00fcr nichtig oder unwirksam erkl\u00e4rt werden, so betrifft diese\n      Erkl\u00e4rung ausschlie\u00dflich die betreffende Bestimmung oder den Teil der Bestimmung, der nichtig oder unwirksam ist,\n      und sie gilt als nicht aufgenommen. Die \u00fcbrigen Klauseln bleiben in vollem Umfang wirksam und anwendbar.\n    <\/p>\n  <\/section>\n\n  <section class=\"legal-block\">\n    <h2 class=\"legal-question\">3.8 Gibt es weitere Aspekte, die Sie als Nutzer kennen sollten?<\/h2>\n    <p>\n      WKI AUTOMOTIVE, S.L. beh\u00e4lt sich das Recht vor, diese <u>Allgemeinen Gesch\u00e4ftsbedingungen<\/u> an etwaige\n      Gesetzes\u00e4nderungen anzupassen. Solche \u00c4nderungen werden mit ausreichendem zeitlichen Vorlauf umgesetzt, um sowohl\n      den datenschutzrechtlichen Vorschriften als auch den von der spanischen Datenschutzbeh\u00f6rde (AEPD) angenommenen\n      Kriterien zu entsprechen.\n    <\/p>\n\n    <p>\n      Wenn Sie weitere Informationen \u00fcber unsere Datenschutzrichtlinien w\u00fcnschen, k\u00f6nnen Sie uns per E-Mail an\n      <a href=\"mailto:wki.auto@wkiauto.com\">wki.auto@wkiauto.com<\/a> kontaktieren oder die folgenden Links besuchen:\n    <\/p>\n\n    <ul>\n      <li><u><a href=\"https:\/\/wkiautomotive.com\/de\/rechtlichen-hinweis\/\">Rechtlicher Hinweis<\/a><\/u><\/li>\n      <li><u><a href=\"https:\/\/wkiautomotive.com\/de\/cookie-richtlinie-ue\/\">Cookie-Richtlinie<\/a><\/u><\/li>\n      <li><u><a href=\"https:\/\/wkiautomotive.com\/de\/datenschutzerklaerung\/\">Datenschutzerkl\u00e4rung<\/a><\/u><\/li>\n    <\/ul>\n\n    <p>\n      Weitere Informationen zu diesem Thema finden Sie auf der Website der spanischen Datenschutzbeh\u00f6rde (AEPD):\n      <a href=\"https:\/\/www.aepd.es\/es\">https:\/\/www.aepd.es\/es<\/a>.\n    <\/p>\n  <\/section>\n<\/div>\t\t\t\t\t\t\t\t<\/div>\n\t\t\t\t<\/div>\n\t\t\t\t<\/div>\n\t\t\t\t\t<\/div>\n\t\t\t\t<\/div>\n\t\t\t\t<\/div>\n\t\t","protected":false},"excerpt":{"rendered":"<p>NUTZUNGSBEDINGUNGEN F\u00dcR DIESE WEBSITE Grundlegende Informationen zum Datenschutz Verantwortlicher f\u00fcr die Datenverarbeitung WKI AUTOMOTIVE, S.L. Zweck der Verarbeitung Webseitennutzung und Verbesserung der Benutzererfahrung. Rechtsgrundlage f\u00fcr die Verarbeitung Ihrer personenbezogenen Daten Einwilligung der betroffenen Person, berechtigtes Interesse des Verantwortlichen. Empf\u00e4nger Personenbezogene Daten der Nutzer k\u00f6nnen an Dritte \u00fcbermittelt werden, sofern zuvor die ausdr\u00fcckliche Einwilligung des Nutzers&#8230;<\/p>\n","protected":false},"author":1,"featured_media":0,"parent":0,"menu_order":0,"comment_status":"closed","ping_status":"closed","template":"","meta":{"footnotes":""},"class_list":["post-1311","page","type-page","status-publish","hentry"],"_links":{"self":[{"href":"https:\/\/wkiautomotive.com\/de\/wp-json\/wp\/v2\/pages\/1311","targetHints":{"allow":["GET"]}}],"collection":[{"href":"https:\/\/wkiautomotive.com\/de\/wp-json\/wp\/v2\/pages"}],"about":[{"href":"https:\/\/wkiautomotive.com\/de\/wp-json\/wp\/v2\/types\/page"}],"author":[{"embeddable":true,"href":"https:\/\/wkiautomotive.com\/de\/wp-json\/wp\/v2\/users\/1"}],"replies":[{"embeddable":true,"href":"https:\/\/wkiautomotive.com\/de\/wp-json\/wp\/v2\/comments?post=1311"}],"version-history":[{"count":3,"href":"https:\/\/wkiautomotive.com\/de\/wp-json\/wp\/v2\/pages\/1311\/revisions"}],"predecessor-version":[{"id":1378,"href":"https:\/\/wkiautomotive.com\/de\/wp-json\/wp\/v2\/pages\/1311\/revisions\/1378"}],"wp:attachment":[{"href":"https:\/\/wkiautomotive.com\/de\/wp-json\/wp\/v2\/media?parent=1311"}],"curies":[{"name":"wp","href":"https:\/\/api.w.org\/{rel}","templated":true}]}}