{"id":625,"date":"2024-02-10T10:41:00","date_gmt":"2024-02-10T10:41:00","guid":{"rendered":"https:\/\/wkiautomotive.com\/aviso-legal\/"},"modified":"2025-11-28T08:23:51","modified_gmt":"2025-11-28T08:23:51","slug":"rechtlicher-hinweis","status":"publish","type":"page","link":"https:\/\/wkiautomotive.com\/de\/rechtlicher-hinweis\/","title":{"rendered":"Rechtlicher Hinweis"},"content":{"rendered":"\t\t<div data-elementor-type=\"wp-page\" data-elementor-id=\"625\" class=\"elementor elementor-625 elementor-12\" data-elementor-post-type=\"page\">\n\t\t\t\t<div class=\"elementor-element elementor-element-1939043 e-con-full e-flex e-con e-parent\" data-id=\"1939043\" data-element_type=\"container\">\n\t\t<div class=\"elementor-element elementor-element-9bacee3 e-con-full e-flex e-con e-child\" data-id=\"9bacee3\" data-element_type=\"container\" data-settings=\"{&quot;background_background&quot;:&quot;classic&quot;}\">\n\t\t\t\t<div class=\"elementor-element elementor-element-5a57dc0 elementor-widget elementor-widget-text-editor\" data-id=\"5a57dc0\" data-element_type=\"widget\" data-widget_type=\"text-editor.default\">\n\t\t\t\t<div class=\"elementor-widget-container\">\n\t\t\t\t\t\t\t\t\t<div class=\"cookies-policy-wrapper\">\r\n<h1>RECHTLICHER HINWEIS. INHABERSCHAFT DER WEBSITE (VERANTWORTLICHER F\u00dcR DIE DATENVERARBEITUNG)<\/h1>\r\n<br>\r\n<h2>Grundlegende Informationen zum Datenschutz<\/h2>\r\n<br>\r\n<table class=\"table-rgpd\">\r\n<tbody>\r\n<tr>\r\n<th>Verantwortlicher f\u00fcr die Datenverarbeitung<\/th>\r\n<td>WKI AUTOMOTIVE, S.L.<\/td>\r\n<\/tr>\r\n<tr>\r\n<th>Zweck der Datenverarbeitung<\/th>\r\n<td>Navigation auf der Website und Verbesserung der Benutzererfahrung.<\/td>\r\n<\/tr>\r\n<tr>\r\n<th>Rechtsgrundlage f\u00fcr die Verarbeitung Ihrer personenbezogenen Daten<\/th>\r\n<td>Einwilligung der betroffenen Person; berechtigtes Interesse des Verantwortlichen.<\/td>\r\n<\/tr>\r\n<tr>\r\n<th>Empf\u00e4nger<\/th>\r\n<td>Personenbezogene Daten k\u00f6nnen an Dritte \u00fcbermittelt werden, sofern die ausdr\u00fcckliche Einwilligung der Nutzer vorliegt, au\u00dfer wenn eine gesetzliche Verpflichtung oder die Erf\u00fcllung eines Vertrags dies erfordert.<\/td>\r\n<\/tr>\r\n<tr>\r\n<th>Rechte<\/th>\r\n<td>Sie k\u00f6nnen Ihre Rechte auf Auskunft, Berichtigung, L\u00f6schung, Einschr\u00e4nkung der Verarbeitung, Daten\u00fcbertragbarkeit, Widerspruch sowie das Recht geltend machen, nicht ausschlie\u00dflich automatisierten Entscheidungen einschlie\u00dflich Profiling unterworfen zu werden.<\/td>\r\n<\/tr>\r\n<tr>\r\n<th>Weitere Informationen<\/th>\r\n<td>Weitere ausf\u00fchrliche Informationen zum Datenschutz finden Sie in diesem rechtlichen Hinweis, in unserer<a href=\"https:\/\/wkiautomotive.com\/de\/datenschutzerklarung\/\"> Datenschutzerkl\u00e4rung<\/a>, in der <a href=\"https:\/\/wkiautomotive.com\/de\/cookie-richtlinie-ue\/\">Cookie-Richtlinie<\/a> sowie in den<a href=\"https:\/\/wkiautomotive.com\/de\/allgemeine-geschaeftsbedingungen\/\"> Allgemeinen Gesch\u00e4ftsbedingungen<\/a> dieser Website.<\/td>\r\n<\/tr>\r\n<\/tbody>\r\n<\/table>\r\n<br><br>\r\n<h2>Inhaberschaft der Website<\/h2>\r\nGem\u00e4\u00df diesem rechtlichen Hinweis wird dar\u00fcber informiert, dass der Eigent\u00fcmer dieser Website mit der Domain<a href=\"https:\/\/www.wkiautomotive.com\"> https:\/\/www.wkiautomotive.com<\/a> ist:<br>\r\n<ul>\r\n \t<li><strong>Identifikation des Website-Inhabers:<\/strong> WKI AUTOMOTIVE, S.L.<\/li>\r\n \t<li><strong>Steuernummer (N.I.F.):<\/strong> B62186309<\/li>\r\n \t<li><strong>Eintragung im Handelsregister von Barcelona:<\/strong> Band 33268, Blatt 158, Abschnitt 8, Seite B-228061<\/li>\r\n \t<li><strong>Anschrift \/ Gesellschaftssitz:<\/strong> RONDA CAN RABADA, N\u00ba 2, 5. ETAGE, B\u00dcRO 6<\/li>\r\n \t<li><strong>Postleitzahl und Ort:<\/strong> 08860, CASTELLDEFELS, BARCELONA<\/li>\r\n \t<li><strong>E-Mail-Adresse:<\/strong> <a href=\"mailto:wki.auto@wkiauto.com\">wki.auto@wkiauto.com<\/a><\/li>\r\n \t<li><strong>Telefon:<\/strong> 936 477 034<\/li>\r\n \t<li><strong>Fax:<\/strong> 936 477 035<\/li>\r\n<\/ul>\r\n<br><br>\r\n\r\nWenn Sie weitere Informationen \u00fcber unsere Datenschutzrichtlinien erhalten m\u00f6chten, k\u00f6nnen Sie uns per E-Mail unter<a href=\"mailto:wki.auto@wkiauto.com\"> wki.auto@wkiauto.com<\/a> kontaktieren oder die folgenden Links besuchen:\r\n<ul>\r\n \t<li><a href=\"https:\/\/wkiautomotive.com\/de\/allgemeine-geschaeftsbedingungen\/\">Allgemeine Gesch\u00e4ftsbedingungen<\/a><\/li>\r\n \t<li><a href=\"https:\/\/wkiautomotive.com\/de\/cookie-richtlinie-ue\/\">Cookie-Richtlinie<\/a><\/li>\r\n \t<li><a href=\"https:\/\/wkiautomotive.com\/de\/privacy-policy\/\">Datenschutzerkl\u00e4rung<\/a><\/li>\r\n<\/ul>\r\n<br><br>\r\n\r\nWeitere Informationen zu diesem Themenbereich finden Sie auch auf der Website der spanischen Datenschutzbeh\u00f6rde (AEPD):<a href=\"https:\/\/www.aepd.es\/es\" target=\"_blank\" rel=\"noopener\"> https:\/\/www.aepd.es\/es<\/a>.\r\n\r\n<\/div>\t\t\t\t\t\t\t\t<\/div>\n\t\t\t\t<\/div>\n\t\t\t\t<\/div>\n\t\t\t\t<\/div>\n\t\t\t\t<\/div>\n\t\t","protected":false},"excerpt":{"rendered":"<p>RECHTLICHER HINWEIS. INHABERSCHAFT DER WEBSITE (VERANTWORTLICHER F\u00dcR DIE DATENVERARBEITUNG) Grundlegende Informationen zum Datenschutz Verantwortlicher f\u00fcr die Datenverarbeitung WKI AUTOMOTIVE, S.L. Zweck der Datenverarbeitung Navigation auf der Website und Verbesserung der Benutzererfahrung. Rechtsgrundlage f\u00fcr die Verarbeitung Ihrer personenbezogenen Daten Einwilligung der betroffenen Person; berechtigtes Interesse des Verantwortlichen. Empf\u00e4nger Personenbezogene Daten k\u00f6nnen an Dritte \u00fcbermittelt werden, sofern&#8230;<\/p>\n","protected":false},"author":1,"featured_media":0,"parent":0,"menu_order":0,"comment_status":"closed","ping_status":"closed","template":"","meta":{"footnotes":""},"class_list":["post-625","page","type-page","status-publish","hentry"],"_links":{"self":[{"href":"https:\/\/wkiautomotive.com\/de\/wp-json\/wp\/v2\/pages\/625","targetHints":{"allow":["GET"]}}],"collection":[{"href":"https:\/\/wkiautomotive.com\/de\/wp-json\/wp\/v2\/pages"}],"about":[{"href":"https:\/\/wkiautomotive.com\/de\/wp-json\/wp\/v2\/types\/page"}],"author":[{"embeddable":true,"href":"https:\/\/wkiautomotive.com\/de\/wp-json\/wp\/v2\/users\/1"}],"replies":[{"embeddable":true,"href":"https:\/\/wkiautomotive.com\/de\/wp-json\/wp\/v2\/comments?post=625"}],"version-history":[{"count":3,"href":"https:\/\/wkiautomotive.com\/de\/wp-json\/wp\/v2\/pages\/625\/revisions"}],"predecessor-version":[{"id":1681,"href":"https:\/\/wkiautomotive.com\/de\/wp-json\/wp\/v2\/pages\/625\/revisions\/1681"}],"wp:attachment":[{"href":"https:\/\/wkiautomotive.com\/de\/wp-json\/wp\/v2\/media?parent=625"}],"curies":[{"name":"wp","href":"https:\/\/api.w.org\/{rel}","templated":true}]}}