{"id":635,"date":"2024-02-10T10:40:42","date_gmt":"2024-02-10T10:40:42","guid":{"rendered":"https:\/\/wkiautomotive.com\/declaracion-de-privacidad\/"},"modified":"2025-11-28T08:20:47","modified_gmt":"2025-11-28T08:20:47","slug":"datenschutzerklarung","status":"publish","type":"page","link":"https:\/\/wkiautomotive.com\/de\/datenschutzerklarung\/","title":{"rendered":"Datenschutzerkl\u00e4rung"},"content":{"rendered":"\t\t<div data-elementor-type=\"wp-page\" data-elementor-id=\"635\" class=\"elementor elementor-635 elementor-10\" data-elementor-post-type=\"page\">\n\t\t\t\t<div class=\"elementor-element elementor-element-9842489 e-con-full e-flex e-con e-parent\" data-id=\"9842489\" data-element_type=\"container\">\n\t\t<div class=\"elementor-element elementor-element-8bb0163 e-con-full e-flex e-con e-child\" data-id=\"8bb0163\" data-element_type=\"container\" data-settings=\"{&quot;background_background&quot;:&quot;classic&quot;}\">\n\t\t\t\t<div class=\"elementor-element elementor-element-9c658f3 elementor-widget elementor-widget-text-editor\" data-id=\"9c658f3\" data-element_type=\"widget\" data-widget_type=\"text-editor.default\">\n\t\t\t\t<div class=\"elementor-widget-container\">\n\t\t\t\t\t\t\t\t\t<div class=\"cookies-policy-wrapper\"><br><h1>Datenschutzerkl\u00e4rung und Schutz personenbezogener Daten<\/h1><br><h3>Grundlegende Informationen zum Datenschutz<\/h3><br><br><table class=\"table-rgpd\">\r\n<tbody>\r\n<tr>\r\n<th>Verantwortlicher f\u00fcr die Datenverarbeitung<\/th>\r\n<td>WKI AUTOMOTIVE, S.L.<\/td>\r\n<\/tr>\r\n\r\n<tr>\r\n<th>Zweck der Verarbeitung<\/th>\r\n<td>Navigation auf der Website und Verbesserung der Nutzererfahrung.<\/td>\r\n<\/tr>\r\n\r\n<tr>\r\n<th>Rechtsgrundlage f\u00fcr die Verarbeitung Ihrer personenbezogenen Daten<\/th>\r\n<td>Einwilligung der betroffenen Person; berechtigtes Interesse des Verantwortlichen.<\/td>\r\n<\/tr>\r\n\r\n<tr>\r\n<th>Empf\u00e4nger<\/th>\r\n<td>Personenbezogene Daten der Nutzer k\u00f6nnen an Dritte \u00fcbermittelt werden, sofern zuvor deren ausdr\u00fcckliche Einwilligung eingeholt wurde, au\u00dfer bei gesetzlicher Verpflichtung oder zur Vertragserf\u00fcllung.<\/td>\r\n<\/tr>\r\n\r\n<tr>\r\n<th>Rechte<\/th>\r\n<td>Sie k\u00f6nnen Ihre Rechte auf Auskunft, Berichtigung, L\u00f6schung, Einschr\u00e4nkung der Verarbeitung, Daten\u00fcbertragbarkeit, Widerspruch sowie das Recht, nicht einer ausschlie\u00dflich automatisierten Entscheidung einschlie\u00dflich Profiling unterworfen zu werden, aus\u00fcben.<\/td>\r\n<\/tr>\r\n\r\n<tr>\r\n<th>Weitere Informationen<\/th>\r\n<td>Zus\u00e4tzliche und detaillierte Informationen zum Datenschutz finden Sie in dieser Datenschutzerkl\u00e4rung, in unserem\r\n<a href=\"https:\/\/wkiautomotive.com\/de\/rechtlicher-hinweis\/\">Rechtlichen Hinweis<\/a>, in der\r\n<a href=\"https:\/\/wkiautomotive.com\/de\/cookie-richtlinie-ue\/\">Cookie-Richtlinie<\/a> sowie in den\r\n<a href=\"https:\/\/wkiautomotive.com\/de\/allgemeine-geschaeftsbedingungen\/\">Allgemeinen Gesch\u00e4ftsbedingungen<\/a> dieser Website.<\/td>\r\n<\/tr>\r\n<\/tbody>\r\n<\/table><br><br>In \u00dcbereinstimmung mit der geltenden Gesetzgebung zum Schutz personenbezogener Daten informieren wir Sie dar\u00fcber, dass Sie durch die Annahme dieser Datenschutzerkl\u00e4rung Ihre personenbezogenen Daten freiwillig und ohne Verpflichtung bereitstellen und ausdr\u00fccklich und unmissverst\u00e4ndlich in die Verarbeitung durch WKI AUTOMOTIVE, S.L. \u2013 als Verantwortlicher der Verarbeitung \u2013 einwilligen.  <br>Diese Daten werden haupts\u00e4chlich \u00fcber Formulare oder E-Mail-Links \u00fcber diese Website mit der Domain  <br><a href=\"http:\/\/www.wkiautomotive.com\">http:\/\/www.wkiautomotive.com<\/a> erhoben oder erhalten.<br><br>Bei WKI AUTOMOTIVE, S.L. sch\u00fctzen wir Ihre personenbezogenen Daten gem\u00e4\u00df den geltenden Vorschriften und unseren internen Datenschutzrichtlinien. Zu diesem Zweck unterhalten wir geeignete technische und organisatorische Ma\u00dfnahmen, um Ihre personenbezogenen Daten vor unbefugter oder unrechtm\u00e4\u00dfiger Verarbeitung und\/oder vor versehentlichem Verlust, Ver\u00e4nderung, Offenlegung oder Zugriff sowie vor versehentlicher oder unrechtm\u00e4\u00dfiger Zerst\u00f6rung und jeglicher Art von Schaden zu sch\u00fctzen.<br><br><h3>2.1 Wer verarbeitet Ihre Daten?<\/h3><br><br>Die personenbezogenen Daten, die durch die Nutzung dieser Website erhoben werden, werden vertraulich verarbeitet von:<br><br><ul>\r\n  <li><strong>Inhaber der Website:<\/strong> WKI AUTOMOTIVE, S.L.<\/li>\r\n  <li><strong>Steuer-ID (N.I.F.):<\/strong> B62186309<\/li>\r\n  <li><strong>Eingetragen im Handelsregister Barcelona:<\/strong> Band 33268, Blatt 158, S 8, Seite B-228061<\/li>\r\n  <li><strong>Gesch\u00e4fts-\/Sitzadresse:<\/strong> RONDA CAN RABADA, Nr. 2, 5. Etage, B\u00fcro 6<\/li>\r\n  <li><strong>Postleitzahl und Ort:<\/strong> 08860, CASTELLDEFELS, BARCELONA<\/li>\r\n  <li><strong>E-Mail-Adresse:<\/strong> <a href=\"mailto:wki.auto@wkiauto.com\">wki.auto@wkiauto.com<\/a><\/li>\r\n  <li><strong>Telefon:<\/strong> 936 477 034<\/li>\r\n  <li><strong>Fax:<\/strong> 936 477 035<\/li>\r\n<\/ul><br><br>Weitere Informationen zum Verantwortlichen dieser Website finden Sie in unserem  <br><a href=\"https:\/\/wkiautomotive.com\/de\/rechtlicher-hinweis\/\">Rechtlichen Hinweis<\/a>.<br><br><h3>2.2 Welche Daten verarbeiten wir?<\/h3><br><br>Personenbezogene Daten k\u00f6nnen vielf\u00e4ltig sein und umfassen unter anderem: E-Mail-Adressen, IP-Adressen, Vor- und Nachnamen, Postanschriften, Telefonnummern usw.<br><br>\u00dcber diese Website erhebt oder erh\u00e4lt WKI AUTOMOTIVE, S.L. personenbezogene Daten von Nutzern, die sie besuchen und\/oder mit ihr interagieren. In einigen F\u00e4llen werden personenbezogene Daten direkt vom Nutzer bereitgestellt (z. B. seine E-Mail-Adresse beim Abonnieren des Newsletters oder Informationen, die \u00fcber das Kontaktformular \u00fcbermittelt werden). In anderen F\u00e4llen werden die Daten indirekt erhoben (z. B. zu statistischen Zwecken, um die Nutzung der Website zu analysieren, oder Ihre IP-Adresse zur Sitzungsverwaltung).<br><br><h3>2.3 Zu welchen Zwecken verarbeiten wir Ihre Daten?<\/h3><br><br>Die Zwecke der Verarbeitung Ihrer personenbezogenen Daten, die durch das Navigieren auf dieser Website erhoben werden, sind:<br><br><ul>\r\n  <li>Pflege und Verwaltung der Beziehungen zwischen WKI AUTOMOTIVE, S.L. und den Nutzern.<\/li>\r\n\r\n  <li>Gegebenenfalls Durchf\u00fchrung kommerzieller, werblicher und verkaufsf\u00f6rdernder Ma\u00dfnahmen (Bereitstellung von Angeboten zu Produkten und Dienstleistungen von Interesse f\u00fcr die betroffenen Personen) im Rahmen der von WKI AUTOMOTIVE, S.L. angebotenen oder erbrachten Dienstleistungen, stets auf Grundlage Ihrer vorherigen ausdr\u00fccklichen Einwilligung.<\/li>\r\n\r\n  <li>Verwaltung von Mitteilungen und Versand angeforderter Informationen durch den Nutzer, soweit zutreffend.<\/li>\r\n<\/ul><br><br>Gegebenenfalls k\u00f6nnen Werbeaktivit\u00e4ten durch den Versand kommerzieller Mitteilungen per E-Mail oder anderen gleichwertigen elektronischen Kommunikationsmitteln erfolgen. Zu diesem Zweck m\u00fcssen Sie ausdr\u00fccklich zustimmen, indem Sie das K\u00e4stchen \u201eIch akzeptiere\u201c ankreuzen, wenn WKI AUTOMOTIVE, S.L. \u00fcber ein beliebiges Formular personenbezogene Daten (z. B. Ihre E-Mail-Adresse) anfordert, um Ihnen kommerzielle elektronische Mitteilungen zu senden.<br><br>Wenn Sie die f\u00fcr diesen Zweck erteilte Einwilligung widerrufen m\u00f6chten, m\u00fcssen Sie sich an WKI AUTOMOTIVE, S.L. unter der folgenden E-Mail-Adresse wenden:  <br><a href=\"mailto:wki.auto@wkiauto.com\">wki.auto@wkiauto.com<\/a>, und ausdr\u00fccklich mitteilen, dass Sie keine kommerziellen elektronischen Mitteilungen mehr erhalten m\u00f6chten.<br><br>Wir werden Ihre Daten nicht f\u00fcr Zwecke verarbeiten, die mit den genannten unvereinbar sind \u2013 es sei denn, Sie erteilen Ihre ausdr\u00fcckliche Einwilligung nach vorheriger Information \u2013 und wir werden keine automatisierten Entscheidungen auf Grundlage Ihres Profils treffen.<br><br><h3>2.4 Wie lange bewahren wir Ihre Daten auf?<\/h3><br><br>Ihre personenbezogenen Daten k\u00f6nnen so lange aufbewahrt werden, wie sie f\u00fcr die Zwecke, f\u00fcr die sie erhoben wurden (wie im vorherigen Punkt angegeben), n\u00fctzlich sind, sowie zur Feststellung m\u00f6glicher Verantwortlichkeiten, die sich aus diesen Zwecken ergeben k\u00f6nnten, und in jedem Fall, solange Sie nicht deren L\u00f6schung beantragt haben.  <br>Wir bewahren Ihre Daten nicht l\u00e4nger als notwendig auf, stets in \u00dcbereinstimmung mit der geltenden Gesetzgebung zum Schutz personenbezogener Daten.<br><br>Bez\u00fcglich der personenbezogenen Daten, die durch die Verwaltung der auf dieser Website verwendeten Cookies erhoben werden, k\u00f6nnen Sie unsere  <br><a href=\"https:\/\/wkiautomotive.com\/de\/cookie-richtlinie-ue\/\">Cookie-Richtlinie<\/a> einsehen.<br><br><h3>2.5 Auf welcher Rechtsgrundlage (Legitimierung) beruht die Verarbeitung Ihrer Daten?<\/h3><br><br>Die Rechtsgrundlage f\u00fcr die Verarbeitung Ihrer personenbezogenen Daten ist Ihre eindeutige und ausdr\u00fcckliche Einwilligung, die Sie jederzeit widerrufen k\u00f6nnen, ohne dass die Rechtm\u00e4\u00dfigkeit der Verarbeitung, die auf der Einwilligung vor dem Widerruf beruht, beeintr\u00e4chtigt wird.<br><br>Dar\u00fcber hinaus k\u00f6nnen bestimmte Verarbeitungen auf dem berechtigten Interesse von WKI AUTOMOTIVE, S.L. oder Dritten beruhen (z. B. zur Verbesserung unserer Dienstleistungen, zur Gew\u00e4hrleistung der Netzwerk- und Informationssicherheit und\/oder zur Bereitstellung personalisierter Werbung, sofern Sie dem zugestimmt haben).<br><br><h3>2.6 Werden Ihre Daten an Dritte weitergegeben (Empf\u00e4nger)?<\/h3><br><br>Die \u00fcber diese Website erhobenen personenbezogenen Daten werden nicht an Dritte weitergegeben, au\u00dfer in F\u00e4llen gesetzlicher Verpflichtung, zur Erf\u00fcllung von Vertr\u00e4gen, in denen dies notwendig ist, oder nach vorheriger Information und ausdr\u00fccklicher Einholung Ihrer Einwilligung (z. B. \u2014 sofern zutreffend \u2014 f\u00fcr die Verwaltung von Cookies, wobei die jeweiligen Dritten in jedem Fall benannt werden).<br><br>In bestimmten F\u00e4llen ist keine Einwilligung erforderlich, wenn die Erbringung der angeforderten Dienstleistung notwendigerweise die Verbindung mit Dateien oder Systemen Dritter erfordert.<br><br>Unsere Website wird von einem externen IT-Unternehmen verwaltet, dessen Berechtigung zur Verarbeitung der Daten der Nutzer auf der Erf\u00fcllung des Auftrags- oder Dienstleistungsvertrags beruht.<br><br>WKI AUTOMOTIVE, S.L. wird Ihre Daten unter keinen Umst\u00e4nden in Drittl\u00e4nder \u00fcbermitteln.<br><br>Diese Website kann Links zu Websites Dritter enthalten, deren Datenschutzrichtlinien unabh\u00e4ngig von denen von WKI AUTOMOTIVE, S.L. sind. Beim Besuch solcher Websites k\u00f6nnen Sie entscheiden, ob Sie deren Datenschutz- und Cookie-Richtlinien akzeptieren.<br><br>Im Falle von Cookies Dritter k\u00f6nnen Sie deren Datenschutzrichtlinien \u00fcber die Cookie-Tabelle einsehen, die auf dieser Website verwendet wird und in unserer  <br><a href=\"https:\/\/wkiautomotive.com\/de\/cookie-richtlinie-ue\/\">Cookie-Richtlinie<\/a> enthalten ist.<br><br><h3>2.7 Welche Rechte haben Sie in Bezug auf den Datenschutz und wie k\u00f6nnen Sie diese aus\u00fcben?<\/h3><br><br>Als Inhaber Ihrer personenbezogenen Daten k\u00f6nnen Sie die Rechte aus\u00fcben, die Ihnen gem\u00e4\u00df der geltenden Gesetzgebung zum Schutz personenbezogener Daten zustehen. Dazu geh\u00f6ren insbesondere:<br><br><ul>\r\n  <li><strong>Recht auf Auskunft:<\/strong> Jede Person hat das Recht zu erfahren, ob WKI AUTOMOTIVE, S.L. personenbezogene Daten \u00fcber sie verarbeitet; au\u00dferdem haben betroffene Personen das Recht auf Zugang zu ihren personenbezogenen Daten, sofern diese vorliegen.<\/li>\r\n\r\n  <li><strong>Recht auf Berichtigung und L\u00f6schung:<\/strong> Recht, die Berichtigung unrichtiger Daten zu verlangen oder gegebenenfalls deren L\u00f6schung zu beantragen, wenn die Daten unter anderem f\u00fcr die Zwecke, f\u00fcr die sie erhoben wurden, nicht mehr erforderlich sind.<\/li>\r\n\r\n  <li><strong>Recht auf Einschr\u00e4nkung der Verarbeitung:<\/strong> Unter bestimmten Umst\u00e4nden k\u00f6nnen betroffene Personen die Einschr\u00e4nkung der Verarbeitung ihrer Daten verlangen; in diesem Fall werden wir sie nur zur Aus\u00fcbung oder Verteidigung von Rechtsanspr\u00fcchen und zur Erf\u00fcllung gesetzlicher oder steuerlicher Pflichten aufbewahren.<\/li>\r\n\r\n  <li><strong>Recht auf Widerspruch:<\/strong> In bestimmten Situationen und aus Gr\u00fcnden, die sich aus ihrer besonderen Situation ergeben, k\u00f6nnen betroffene Personen der Verarbeitung ihrer Daten widersprechen. In diesem Fall werden wir die Verarbeitung einstellen, es sei denn, es liegen zwingende legitime Gr\u00fcnde vor oder die Daten werden zur Geltendmachung oder Verteidigung m\u00f6glicher Anspr\u00fcche ben\u00f6tigt.<\/li>\r\n\r\n  <li><strong>Recht auf Daten\u00fcbertragbarkeit:<\/strong> Betroffene Personen k\u00f6nnen die Daten, die sie WKI AUTOMOTIVE, S.L. bereitgestellt haben, in einem strukturierten, g\u00e4ngigen und maschinenlesbaren Format erhalten und deren \u00dcbermittlung an ein anderes Unternehmen verlangen, sofern dies technisch m\u00f6glich ist und die Verarbeitung auf Einwilligung oder einem Vertrag beruht und automatisiert erfolgt.<\/li>\r\n\r\n  <li><strong>Recht, nicht einer ausschlie\u00dflich automatisierten Entscheidung einschlie\u00dflich Profiling unterworfen zu werden:<\/strong> Dies dient dazu, Entscheidungen zu vermeiden, die rechtliche oder \u00e4hnlich erhebliche Auswirkungen haben k\u00f6nnten, gem\u00e4\u00df den gesetzlichen Bestimmungen.<\/li>\r\n<\/ul><br><br>Ebenso haben Sie das Recht, Ihre urspr\u00fcnglich erteilte Einwilligung zur Verarbeitung Ihrer personenbezogenen Daten zu widerrufen \u2014 ohne dass dadurch die Rechtm\u00e4\u00dfigkeit der aufgrund der Einwilligung bis zum Widerruf erfolgten Verarbeitung beeintr\u00e4chtigt wird \u2014 sowie das Recht, zur Wahrung Ihrer Rechte Beschwerden bei der Spanischen Datenschutzbeh\u00f6rde (AEPD) einzureichen.<br><br>Sie k\u00f6nnen die oben genannten Rechte durch eine schriftliche und unterzeichnete Anfrage aus\u00fcben, die an den Verantwortlichen f\u00fcr die Verarbeitung \u00fcber eine der folgenden Optionen gesendet wird:<br><br><ul>\r\n  <li><strong>Postanschrift:<\/strong> RONDA CAN RABADA, Nr. 2, 5. Etage, B\u00fcro 6, 08860, CASTELLDEFELS, BARCELONA<\/li>\r\n  <li><strong>E-Mail:<\/strong> <a href=\"mailto:wki.auto@wkiauto.com\">wki.auto@wkiauto.com<\/a><\/li>\r\n<\/ul><br><br>Ihre Anfrage muss Folgendes enthalten:<br><br><ul>\r\n  <li>Die konkrete Anfrage bzw. das Recht, das Sie aus\u00fcben m\u00f6chten.<\/li>\r\n  <li>Gegebenenfalls die begr\u00fcndende Dokumentation.<\/li>\r\n  <li>Ihren vollst\u00e4ndigen Namen.<\/li>\r\n  <li>Eine Postanschrift und\/oder E-Mail-Adresse f\u00fcr Benachrichtigungen.<\/li>\r\n  <li>Eine vollst\u00e4ndige Kopie Ihres Personalausweises, Reisepasses oder eines gleichwertigen Identit\u00e4tsdokuments.<\/li>\r\n<\/ul><br><br>Weitere Informationen zu Ihren Rechten finden Sie unter folgendem Link der Spanischen Datenschutzbeh\u00f6rde (AEPD):  <br><a href=\"https:\/\/www.aepd.es\/es\/derechos-y-deberes\/conoce-tus-derechos\" target=\"_blank\" rel=\"noopener\">\r\nhttps:\/\/www.aepd.es\/es\/derechos-y-deberes\/conoce-tus-derechos\r\n<\/a>.\t\t\t\t\t\t\t\t<\/div>\n\t\t\t\t<\/div>\n\t\t\t\t<\/div>\n\t\t\t\t<\/div>\n\t\t<div class=\"elementor-element elementor-element-f01f35d e-con-full e-flex e-con e-parent\" data-id=\"f01f35d\" data-element_type=\"container\">\n\t\t\t\t<div class=\"elementor-element elementor-element-966c5e5 elementor-widget elementor-widget-spacer\" data-id=\"966c5e5\" data-element_type=\"widget\" data-widget_type=\"spacer.default\">\n\t\t\t\t<div class=\"elementor-widget-container\">\n\t\t\t\t\t\t\t<div class=\"elementor-spacer\">\n\t\t\t<div class=\"elementor-spacer-inner\"><\/div>\n\t\t<\/div>\n\t\t\t\t\t\t<\/div>\n\t\t\t\t<\/div>\n\t\t\t\t<\/div>\n\t\t\t\t<\/div>\n\t\t","protected":false},"excerpt":{"rendered":"<p>Datenschutzerkl\u00e4rung und Schutz personenbezogener Daten Grundlegende Informationen zum Datenschutz Verantwortlicher f\u00fcr die Datenverarbeitung WKI AUTOMOTIVE, S.L. Zweck der Verarbeitung Navigation auf der Website und Verbesserung der Nutzererfahrung. Rechtsgrundlage f\u00fcr die Verarbeitung Ihrer personenbezogenen Daten Einwilligung der betroffenen Person; berechtigtes Interesse des Verantwortlichen. Empf\u00e4nger Personenbezogene Daten der Nutzer k\u00f6nnen an Dritte \u00fcbermittelt werden, sofern zuvor deren&#8230;<\/p>\n","protected":false},"author":1,"featured_media":0,"parent":0,"menu_order":0,"comment_status":"closed","ping_status":"closed","template":"","meta":{"footnotes":""},"class_list":["post-635","page","type-page","status-publish","hentry"],"_links":{"self":[{"href":"https:\/\/wkiautomotive.com\/de\/wp-json\/wp\/v2\/pages\/635","targetHints":{"allow":["GET"]}}],"collection":[{"href":"https:\/\/wkiautomotive.com\/de\/wp-json\/wp\/v2\/pages"}],"about":[{"href":"https:\/\/wkiautomotive.com\/de\/wp-json\/wp\/v2\/types\/page"}],"author":[{"embeddable":true,"href":"https:\/\/wkiautomotive.com\/de\/wp-json\/wp\/v2\/users\/1"}],"replies":[{"embeddable":true,"href":"https:\/\/wkiautomotive.com\/de\/wp-json\/wp\/v2\/comments?post=635"}],"version-history":[{"count":3,"href":"https:\/\/wkiautomotive.com\/de\/wp-json\/wp\/v2\/pages\/635\/revisions"}],"predecessor-version":[{"id":1678,"href":"https:\/\/wkiautomotive.com\/de\/wp-json\/wp\/v2\/pages\/635\/revisions\/1678"}],"wp:attachment":[{"href":"https:\/\/wkiautomotive.com\/de\/wp-json\/wp\/v2\/media?parent=635"}],"curies":[{"name":"wp","href":"https:\/\/api.w.org\/{rel}","templated":true}]}}