{"id":652,"date":"2024-02-13T08:30:33","date_gmt":"2024-02-13T08:30:33","guid":{"rendered":"https:\/\/wkiautomotive.com\/politica-de-privacidad\/"},"modified":"2025-11-28T07:22:30","modified_gmt":"2025-11-28T07:22:30","slug":"qualitatspolitik","status":"publish","type":"page","link":"https:\/\/wkiautomotive.com\/de\/qualitatspolitik\/","title":{"rendered":"Qualit\u00e4tspolitik"},"content":{"rendered":"\t\t<div data-elementor-type=\"wp-page\" data-elementor-id=\"652\" class=\"elementor elementor-652 elementor-9\" data-elementor-post-type=\"page\">\n\t\t\t\t<div class=\"elementor-element elementor-element-2f689702 e-flex e-con-boxed e-con e-parent\" data-id=\"2f689702\" data-element_type=\"container\">\n\t\t\t\t\t<div class=\"e-con-inner\">\n\t\t<div class=\"elementor-element elementor-element-364207b e-con-full e-flex e-con e-child\" data-id=\"364207b\" data-element_type=\"container\" data-settings=\"{&quot;background_background&quot;:&quot;classic&quot;}\">\n\t\t\t\t<div class=\"elementor-element elementor-element-6cf0c408 elementor-widget elementor-widget-text-editor\" data-id=\"6cf0c408\" data-element_type=\"widget\" data-widget_type=\"text-editor.default\">\n\t\t\t\t<div class=\"elementor-widget-container\">\n\t\t\t\t\t\t\t\t\t<div class=\"cookies-policy-wrapper\">\n<h1>Qualit\u00e4tshandbuch<\/h1>\n<p><strong>Rev.: 02 M 01<\/strong><\/p>\n<h3><\/h3>\n<h3>QUALIT\u00c4TSPOLITIK<\/h3>\n<p>WKI Automotive ist ein Unternehmen, das sich mit dem Projektmanagement sowie der Entwicklung von Formen und Kunststoff- und Metallteilen, Prototypen und Serien f\u00fcr den Automobilsektor besch\u00e4ftigt.<\/p>\n<p>Das Unternehmen befindet sich derzeit in einem vollst\u00e4ndigen Expansionsprozess und setzt seine globale Strategie um, um eines der f\u00fchrenden Unternehmen in seinem Segment zu werden. Unter den Wettbewerbern der Automobilindustrie hat WKI Automotive das Privileg, Teil der ausgew\u00e4hlten Gruppe von Lieferanten der weltweit renommiertesten Unternehmen des Sektors zu sein.<\/p>\n<p>Mit einer Historie hoher Wettbewerbsf\u00e4higkeit \u2013 sowohl im Preis als auch in Qualit\u00e4t und Service \u2013 und mit der Anerkennung unseres Potenzials durch unsere Kunden.<\/p>\n<p>Die steigende Nachfrage nach hochwertigen Produkten zu kundenorientierten Preisen f\u00fchrt dazu, dass W.K.I. Automotive die Herausforderung annimmt, eine der wichtigsten Referenzen innerhalb des Automobilsektors zu sein.<\/p>\n<p>Um dieses Ziel zu erreichen, werden Qualit\u00e4tsziele geplant, die regelm\u00e4\u00dfig \u00fcberpr\u00fcft und bewertet werden, um deren Wirksamkeit zu messen und die notwendigen Ma\u00dfnahmen zur F\u00f6rderung einer kontinuierlichen Verbesserung zu ergreifen.<\/p>\n<p>WKI Automotive verpflichtet sich, die Anforderungen unserer Kunden sowie die gesetzlichen Anforderungen in den L\u00e4ndern, in denen das Unternehmen t\u00e4tig ist, und jede weitere Anforderung, die die Organisation unterzeichnet, zu erf\u00fcllen.<\/p>\n<\/div>\n<div class=\"cookies-policy-wrapper\">\n<strong>Dirk Telschow<\/strong><br \/>\n<strong>23\/01\/2019<\/strong>\n<\/div>\n\t\t\t\t\t\t\t\t<\/div>\n\t\t\t\t<\/div>\n\t\t\t\t<\/div>\n\t\t\t\t\t<\/div>\n\t\t\t\t<\/div>\n\t\t\t\t<\/div>\n\t\t","protected":false},"excerpt":{"rendered":"<p>Qualit\u00e4tshandbuch Rev.: 02 M 01 QUALIT\u00c4TSPOLITIK WKI Automotive ist ein Unternehmen, das sich mit dem Projektmanagement sowie der Entwicklung von Formen und Kunststoff- und Metallteilen, Prototypen und Serien f\u00fcr den Automobilsektor besch\u00e4ftigt. Das Unternehmen befindet sich derzeit in einem vollst\u00e4ndigen Expansionsprozess und setzt seine globale Strategie um, um eines der f\u00fchrenden Unternehmen in seinem Segment&#8230;<\/p>\n","protected":false},"author":1,"featured_media":0,"parent":0,"menu_order":0,"comment_status":"closed","ping_status":"closed","template":"","meta":{"footnotes":""},"class_list":["post-652","page","type-page","status-publish","hentry"],"_links":{"self":[{"href":"https:\/\/wkiautomotive.com\/de\/wp-json\/wp\/v2\/pages\/652","targetHints":{"allow":["GET"]}}],"collection":[{"href":"https:\/\/wkiautomotive.com\/de\/wp-json\/wp\/v2\/pages"}],"about":[{"href":"https:\/\/wkiautomotive.com\/de\/wp-json\/wp\/v2\/types\/page"}],"author":[{"embeddable":true,"href":"https:\/\/wkiautomotive.com\/de\/wp-json\/wp\/v2\/users\/1"}],"replies":[{"embeddable":true,"href":"https:\/\/wkiautomotive.com\/de\/wp-json\/wp\/v2\/comments?post=652"}],"version-history":[{"count":3,"href":"https:\/\/wkiautomotive.com\/de\/wp-json\/wp\/v2\/pages\/652\/revisions"}],"predecessor-version":[{"id":1592,"href":"https:\/\/wkiautomotive.com\/de\/wp-json\/wp\/v2\/pages\/652\/revisions\/1592"}],"wp:attachment":[{"href":"https:\/\/wkiautomotive.com\/de\/wp-json\/wp\/v2\/media?parent=652"}],"curies":[{"name":"wp","href":"https:\/\/api.w.org\/{rel}","templated":true}]}}